{"id":938,"date":"2022-09-21T10:07:25","date_gmt":"2022-09-21T07:07:25","guid":{"rendered":"https:\/\/villa-greco.gr\/our-place\/"},"modified":"2023-06-18T19:23:34","modified_gmt":"2023-06-18T16:23:34","slug":"our-place","status":"publish","type":"page","link":"https:\/\/villa-greco.gr\/fr\/our-place\/","title":{"rendered":"Bienvenue \u00e0 Psaropouli"},"content":{"rendered":"\r\n    <section class=\"section section--basic\" style=\"background-image: url(https:\/\/villa-greco.gr\/wp-content\/uploads\/2022\/09\/page-bg-white-1-2000x1159.jpg);\">\r\n        <div class=\"container\">\r\n            <div class=\"row page__row \">\r\n                <div class=\"col-6 col-md-12 page__image\">\r\n                    <img src=\"https:\/\/villa-greco.gr\/wp-content\/uploads\/2022\/09\/map-north-evia-ret-700x720.png\" alt=\"\" data-aos=\"fade-zoom-in\">\r\n                <\/div>\r\n                <div class=\"col-6 col-md-12 page__content\">\r\n                    <div class=\"text-area \" data-aos=\"fade-zoom-in\" >\r\n                        <span class=\"subtitle\">psaropouli, vasilika<\/span>\r\n                        <h2 class=\"title\">Comment nous rendre visite ?<\/h2>\r\n                        <p class=\"paragraph\">Psaropouli est la plage de 4 km du village de Vasilika au nord d&rsquo;Evia. C&rsquo;est le choix parfait pour vos vacances d&rsquo;\u00e9t\u00e9, \u00e0 seulement 2,5 heures d&rsquo;Ath\u00e8nes. Combinaisons exotiques de montagne et de mer avec un cadre pittoresque et un climat estival. La plage offre de nombreuses options pour tous les types de vacances et se trouve \u00e0 proximit\u00e9 d&rsquo;autres destinations c\u00e9l\u00e8bres telles qu&rsquo;Agia Anna, Ellinika et Edipsos. De plus, vous pourrez facilement visiter Skiathos, Skopelos et Alonissos qui sont accessibles en ferry.<\/p>\r\n                    <\/div>\r\n                <\/div>\r\n            <\/div>\r\n        <\/div>\r\n    <\/section>\r\n\n\n\r\n<section class=\"section\"> \r\n    <div class=\"container-fluid page__parallax-img \">\r\n        <img class=\"jsParallaxUp\" src=\"https:\/\/villa-greco.gr\/wp-content\/uploads\/2022\/09\/IMG_1796-tiny.jpg\" alt=\"banner-img\">\r\n    <\/div>\r\n<\/section>\r\n\n\n\r\n    <section class=\"section section--basic\" style=\"background-image: url(https:\/\/villa-greco.gr\/wp-content\/uploads\/2022\/09\/page-bg-dark-1-2000x1159.jpg);\">\r\n        <div class=\"container\">\r\n            <div class=\"row page__row page__row--reversed\">\r\n                <div class=\"col-6 col-md-12 page__image\">\r\n                    <img src=\"https:\/\/villa-greco.gr\/wp-content\/uploads\/2022\/09\/seafood-tiny-700x675.webp\" alt=\"\" data-aos=\"fade-zoom-in\">\r\n                <\/div>\r\n                <div class=\"col-6 col-md-12 page__content\">\r\n                    <div class=\"text-area text-area--white\" data-aos=\"fade-zoom-in\" >\r\n                        <span class=\"subtitle\">vie<\/span>\r\n                        <h2 class=\"title\">O\u00f9 manger et boire<\/h2>\r\n                        <p class=\"paragraph\">Vous trouverez des bars de plage et des caf\u00e9s o\u00f9 vous pourrez d\u00e9guster votre boisson ou votre collation tout en admirant la mer d&rsquo;un bleu infini. En outre, il existe de nombreuses tavernes grecques traditionnelles o\u00f9 vous pourrez d\u00e9guster de d\u00e9licieux meze \u00e0 des prix tr\u00e8s raisonnables.<\/p>\r\n                    <\/div>\r\n                <\/div>\r\n            <\/div>\r\n        <\/div>\r\n    <\/section>\r\n\n\n\r\n    <section class=\"section section--basic\" style=\"background-image: url(https:\/\/villa-greco.gr\/wp-content\/uploads\/2022\/09\/page-bg-white-1-2000x1159.jpg);\">\r\n        <div class=\"container\">\r\n            <div class=\"row page__row \">\r\n                <div class=\"col-6 col-md-12 page__image\">\r\n                    <img src=\"https:\/\/villa-greco.gr\/wp-content\/uploads\/2022\/09\/edipsos-tiny-700x628.webp\" alt=\"\" data-aos=\"fade-zoom-in\">\r\n                <\/div>\r\n                <div class=\"col-6 col-md-12 page__content\">\r\n                    <div class=\"text-area \" data-aos=\"fade-zoom-in\" >\r\n                        <span class=\"subtitle\">edipsos, loutra<\/span>\r\n                        <h2 class=\"title\">Sources thermales<\/h2>\r\n                        <p class=\"paragraph\">Au nord-ouest, Edipsos est l&rsquo;une des villes thermales les plus c\u00e9l\u00e8bres de Gr\u00e8ce, o\u00f9 l&rsquo;eau chaude se d\u00e9verse des rochers et se jette dans la mer. Si vous pr\u00e9f\u00e9rez l&rsquo;exp\u00e9rience premium, il existe de nombreuses piscines ext\u00e9rieures et int\u00e9rieures dans de nombreux h\u00f4tels et centres de sant\u00e9 autour de l&rsquo;endroit que vous pourriez visiter. Edipsos est reli\u00e9 par ferry au village d&rsquo;Arkitsa sur le continent.<\/p>\r\n                    <\/div>\r\n                <\/div>\r\n            <\/div>\r\n        <\/div>\r\n    <\/section>\r\n\n\n\r\n<section class=\"section\"> \r\n    <div class=\"container-fluid page__parallax-img \">\r\n        <img class=\"jsParallaxUp\" src=\"https:\/\/villa-greco.gr\/wp-content\/uploads\/2022\/09\/DSC00874-tiny.webp\" alt=\"banner-img\">\r\n    <\/div>\r\n<\/section>\r\n\n\n    <section class=\"section section--contact-top\">\r\n        <div class=\"container\">\r\n            <div class=\"row\">\r\n                <div class=\"col\"><\/div>\r\n                <div class=\"col-7 col-md-12\">\r\n                    <div class=\"text-area\"  data-aos=\"fade-zoom-in\">\r\n                        <span class=\"subtitle\">info<\/span>\r\n                        <h2 class=\"title mb-3\">Contactez-nous<\/h2>\r\n                        <p class=\"paragraph mb-3 mb-md-5\">Si vous avez des questions concernant votre r\u00e9servation, n&rsquo;h\u00e9sitez pas \u00e0 utiliser les informations fournies ci-dessous.<\/p>\r\n                    <\/div>\r\n                <\/div>\r\n            <\/div>\r\n        <\/div>\r\n    <\/section>\r\n    <section class=\"section section--contact-bottom\" style=\"background-image: url(https:\/\/villa-greco.gr\/wp-content\/uploads\/2022\/09\/page-bg-dark-1-scaled.jpg);\">\r\n        <div class=\"container\">\r\n            <div class=\"row\">\r\n                <div class=\"col-5 col-md-12\">\r\n                    <div class=\"contact-map pr-lg-0 pl-lg-0 d-md-none\">\r\n                        <iframe src=\"https:\/\/www.google.com\/maps\/embed?pb=!1m18!1m12!1m3!1d387.67687213675794!2d23.3688314311089!3d38.98302447862057!2m3!1f0!2f0!3f0!3m2!1i1024!2i768!4f13.1!3m3!1m2!1s0x14a729743846a1ed%3A0xab1aad7298b04174!2sVilla%20Greco!5e0!3m2!1sel!2sgr!4v1665592272820!5m2!1sel!2sgr\" width=\"100%\" height=\"550\" title=\"location of Villa Greco Aparthotel\" style=\"border:0;\" allowfullscreen=\"\" loading=\"lazy\" referrerpolicy=\"no-referrer-when-downgrade\"><\/iframe>\r\n                    <\/div>\r\n                <\/div>\r\n                <div class=\"col-7 col-md-12\">\r\n                    <div class=\"text-area\"  data-aos=\"fade-zoom-in\">\r\n                        <div role=\"form\" class=\"wpcf7\" id=\"wpcf7-f1000-o1\" lang=\"fr-FR\" dir=\"ltr\">\n<div class=\"screen-reader-response\"><p role=\"status\" aria-live=\"polite\" aria-atomic=\"true\"><\/p> <ul><\/ul><\/div>\n<form action=\"\/fr\/wp-json\/wp\/v2\/pages\/938#wpcf7-f1000-o1\" method=\"post\" class=\"wpcf7-form init\" novalidate=\"novalidate\" data-status=\"init\">\n<div style=\"display: none;\">\n<input type=\"hidden\" name=\"_wpcf7\" value=\"1000\" \/>\n<input type=\"hidden\" name=\"_wpcf7_version\" value=\"5.6.2\" \/>\n<input type=\"hidden\" name=\"_wpcf7_locale\" value=\"fr_FR\" \/>\n<input type=\"hidden\" name=\"_wpcf7_unit_tag\" value=\"wpcf7-f1000-o1\" \/>\n<input type=\"hidden\" name=\"_wpcf7_container_post\" value=\"0\" \/>\n<input type=\"hidden\" name=\"_wpcf7_posted_data_hash\" value=\"\" \/>\n<\/div>\n<div class=\"col-6 col-lg-12\"><label> <span class=\"contact-item-label\">Name<\/span><br \/>\n    <span class=\"wpcf7-form-control-wrap\" data-name=\"your-subject\"><input type=\"text\" name=\"your-subject\" value=\"\" size=\"40\" class=\"wpcf7-form-control wpcf7-text wpcf7-validates-as-required\" aria-required=\"true\" aria-invalid=\"false\" \/><\/span> <\/label><\/div>\n<div class=\"col-6 col-lg-12\"><label> <span class=\"contact-item-label\">Email<\/span><br \/>\n    <span class=\"wpcf7-form-control-wrap\" data-name=\"your-email\"><input type=\"email\" name=\"your-email\" value=\"\" size=\"40\" class=\"wpcf7-form-control wpcf7-text wpcf7-email wpcf7-validates-as-required wpcf7-validates-as-email\" aria-required=\"true\" aria-invalid=\"false\" \/><\/span> <\/label><\/div>\n<div class=\"col-12\"><label> <span class=\"contact-item-label\">Message<\/span><br \/>\n    <span class=\"wpcf7-form-control-wrap\" data-name=\"your-message\"><textarea name=\"your-message\" cols=\"40\" rows=\"10\" class=\"wpcf7-form-control wpcf7-textarea\" aria-invalid=\"false\"><\/textarea><\/span> <\/label><\/div>\n<div class=\"col-12\"><span class=\"wpcf7-form-control-wrap\" data-name=\"radio-22\"><span class=\"wpcf7-form-control wpcf7-radio\"><span class=\"wpcf7-list-item first last\"><label><input type=\"radio\" name=\"radio-22\" value=\"I agree with the terms and conditions of the Website\" checked=\"checked\" \/><span class=\"wpcf7-list-item-label\">I agree with the terms and conditions of the Website<\/span><\/label><\/span><\/span><\/span><\/div>\n<p><input type=\"submit\" value=\"Submit\" class=\"wpcf7-form-control has-spinner wpcf7-submit\" \/><\/p>\n<p style=\"display: none !important;\"><label>&#916;<textarea name=\"_wpcf7_ak_hp_textarea\" cols=\"45\" rows=\"8\" maxlength=\"100\"><\/textarea><\/label><input type=\"hidden\" id=\"ak_js_1\" name=\"_wpcf7_ak_js\" value=\"241\"\/><script>document.getElementById( \"ak_js_1\" ).setAttribute( \"value\", ( new Date() ).getTime() );<\/script><\/p><div class=\"wpcf7-response-output\" aria-hidden=\"true\"><\/div><\/form><\/div>                    <\/div>\r\n                <\/div>\r\n            <\/div>\r\n        <\/div>\r\n    <\/section>","protected":false},"excerpt":{"rendered":"","protected":false},"author":2,"featured_media":766,"parent":0,"menu_order":0,"comment_status":"closed","ping_status":"closed","template":"","meta":[],"_links":{"self":[{"href":"https:\/\/villa-greco.gr\/fr\/wp-json\/wp\/v2\/pages\/938"}],"collection":[{"href":"https:\/\/villa-greco.gr\/fr\/wp-json\/wp\/v2\/pages"}],"about":[{"href":"https:\/\/villa-greco.gr\/fr\/wp-json\/wp\/v2\/types\/page"}],"author":[{"embeddable":true,"href":"https:\/\/villa-greco.gr\/fr\/wp-json\/wp\/v2\/users\/2"}],"replies":[{"embeddable":true,"href":"https:\/\/villa-greco.gr\/fr\/wp-json\/wp\/v2\/comments?post=938"}],"version-history":[{"count":4,"href":"https:\/\/villa-greco.gr\/fr\/wp-json\/wp\/v2\/pages\/938\/revisions"}],"predecessor-version":[{"id":970,"href":"https:\/\/villa-greco.gr\/fr\/wp-json\/wp\/v2\/pages\/938\/revisions\/970"}],"wp:featuredmedia":[{"embeddable":true,"href":"https:\/\/villa-greco.gr\/fr\/wp-json\/wp\/v2\/media\/766"}],"wp:attachment":[{"href":"https:\/\/villa-greco.gr\/fr\/wp-json\/wp\/v2\/media?parent=938"}],"curies":[{"name":"wp","href":"https:\/\/api.w.org\/{rel}","templated":true}]}}