{"id":936,"date":"2022-09-21T10:09:06","date_gmt":"2022-09-21T07:09:06","guid":{"rendered":"https:\/\/villa-greco.gr\/terms-conditions\/"},"modified":"2023-06-18T19:10:08","modified_gmt":"2023-06-18T16:10:08","slug":"terms-conditions","status":"publish","type":"page","link":"https:\/\/villa-greco.gr\/fr\/terms-conditions\/","title":{"rendered":"Conditions d&rsquo;utilisation"},"content":{"rendered":"\r\n<section id=\"section-block_632ca7c5ddbfd\" class=\"section section--terms pt-10 pb-10 pt-md-5 pb-md-5\">\r\n\t\n\r\n<div id=\"container-block_632ca7c9ddbfe\" class=\"container\">\r\n\t\n\r\n<div id=\"text-area-block_632ca7d5ddbff\" class=\"text-area\">\r\n\t\n\n<h2>Conditions d&rsquo;utilisation<\/h2>\n\n\n\n<p>Ce site web a \u00e9t\u00e9 cr\u00e9\u00e9 sous le nom \u00ab\u00a0Villa Greco\u00a0\u00bb. L&rsquo;utilisation du site Internet \u00ab www.villa-greco.gr \u00bb est r\u00e9gie par les pr\u00e9sentes conditions g\u00e9n\u00e9rales, que le visiteur\/utilisateur est tenu de lire attentivement, car l&rsquo;utilisation du site Internet implique leur acceptation sans r\u00e9serve. Dans le cas o\u00f9 le visiteur \/ utilisateur n&rsquo;est pas d&rsquo;accord avec les conditions d&rsquo;utilisation de celui-ci, il ne doit pas utiliser les services et le contenu du site Web.<\/p>\n\n\n\n<h2>Conditions d&rsquo;utilisation du site de Villa Greco<\/h2>\n\n\n\n<p>Ces conditions d&rsquo;utilisation peuvent \u00eatre r\u00e9vis\u00e9es et mises \u00e0 jour \u00e0 tout moment sans pr\u00e9avis. Le visiteur\/utilisateur est pri\u00e9 de v\u00e9rifier r\u00e9guli\u00e8rement les conditions d&rsquo;utilisation du site, car son utilisation continue implique qu&rsquo;il accepte leurs modifications respectives.<\/p>\n\n\n\n<h2>Droits de propri\u00e9t\u00e9 intellectuelle<\/h2>\n\n\n\n<p>L&rsquo;ensemble du contenu de ce site Internet, qui comprend les textes, graphiques, images, photographies, dessins, vid\u00e9os, sons, etc. (ci-apr\u00e8s contenus) est la propri\u00e9t\u00e9 intellectuelle de la Soci\u00e9t\u00e9 et est prot\u00e9g\u00e9 en tant que tel par le droit national, communautaire et international applicable. Le contenu du site Web est mis \u00e0 la disposition du visiteur \/ utilisateur \/ client pour un usage personnel et est susceptible d&rsquo;\u00eatre modifi\u00e9 sans pr\u00e9avis \u00e0 la discr\u00e9tion de la Soci\u00e9t\u00e9. Une autorisation \u00e9crite pr\u00e9alable de la Soci\u00e9t\u00e9 est requise pour la r\u00e9alisation de toute autre utilisation par un visiteur\/utilisateur. Il est strictement interdit \u00e0 tout visiteur\/utilisateur\/client du site internet d&rsquo;\u00e9changer, copier, reproduire, retransmettre de quelque mani\u00e8re que ce soit le contenu du site internet, en violation des pr\u00e9sentes conditions.<\/p>\n\n\n\n<p>Pour toute question ou demande concernant les droits de reproduction de toute partie du contenu de ce site Web, ainsi que pour les demandes de licence de reproduction de contenu, le visiteur \/ utilisateur peut nous contacter \u00e0 villa-greco.gr. Le Site peut, entre autres, fournir un lien hypertexte vers des sites tiers, qui ont un contr\u00f4le total sur le contenu qu&rsquo;ils y publient et sont donc enti\u00e8rement responsables de la s\u00e9curit\u00e9 de leurs sites, de leur l\u00e9galit\u00e9 et de leur validit\u00e9. contenus et leurs services. Les produits, services et contenus de tiers susceptibles d&rsquo;appara\u00eetre sur les pages du site Web sont la propri\u00e9t\u00e9 intellectuelle et industrielle de tiers, qui sont responsables de la r\u00e9paration de toute r\u00e9clamation d\u00e9coulant de toute violation des droits d&rsquo;autrui, tels que les droits de propri\u00e9t\u00e9 intellectuelle et les droits de propri\u00e9t\u00e9 industrielle, etc., excluant express\u00e9ment toute responsabilit\u00e9 de la Soci\u00e9t\u00e9 quant au contenu ou \u00e0 la s\u00e9curit\u00e9 de ces sites.<\/p>\n\n\n\n<h2>Confidentialit\u00e9<\/h2>\n\n\n\n<p>La Soci\u00e9t\u00e9 peut collecter et traiter les donn\u00e9es personnelles des visiteurs \/ utilisateurs du site Web conform\u00e9ment \u00e0 la politique de confidentialit\u00e9 et de confidentialit\u00e9.<\/p>\n\n\n\n<h2>Limitation de responsabilit\u00e9 &#8211; Avis de non-responsabilit\u00e9<\/h2>\n\n\n\n<p>La Soci\u00e9t\u00e9, en aucun cas, y compris en cas de n\u00e9gligence, n&rsquo;est responsable de tout type de dommage subi par le visiteur \/ utilisateur des pages, services, options et contenus du site Web auxquels il proc\u00e8de de sa propre initiative et avec la connaissance de ces termes. Aussi, la Soci\u00e9t\u00e9 ne garantit pas que les pages, services, options et contenus seront fournis sans interruption, sans erreur, que les erreurs seront corrig\u00e9es ou que toutes les questions pos\u00e9es recevront une r\u00e9ponse. De m\u00eame, la Soci\u00e9t\u00e9 ne garantit pas que le site Web ou tout autre site Web connexe ou les serveurs (\u00ab\u00a0serveurs\u00a0\u00bb) par lesquels le contenu est mis \u00e0 la disposition du visiteur \/ utilisateur sont fournis exempts de \u00ab\u00a0virus\u00a0\u00bb ou d&rsquo;autres composants nuisibles. Le co\u00fbt des \u00e9ventuelles corrections ou prestations est \u00e0 la charge du visiteur\/utilisateur et en aucun cas de la Soci\u00e9t\u00e9.<\/p>\n\n\n\n<h2>Responsabilit\u00e9 du visiteur \/ utilisateur<\/h2>\n\n\n\n<p>Le visiteur \/ utilisateur du site Web assume la responsabilit\u00e9 de tout dommage caus\u00e9 au site Web par une mauvaise utilisation ou une utilisation inappropri\u00e9e des services concern\u00e9s. Pour tout dommage ou pr\u00e9judice moral caus\u00e9 par l&rsquo;interm\u00e9diaire de nos services, d\u00e8s l&rsquo;affichage, la publication ou la notification de tout contenu par un visiteur\/utilisateur, le visiteur\/utilisateur est seul responsable de sa restauration.<\/p>\n\n\r\n<\/div>\r\n\n\r\n<\/div>\r\n\n\r\n<\/section>\r\n","protected":false},"excerpt":{"rendered":"","protected":false},"author":2,"featured_media":852,"parent":0,"menu_order":0,"comment_status":"closed","ping_status":"closed","template":"","meta":[],"_links":{"self":[{"href":"https:\/\/villa-greco.gr\/fr\/wp-json\/wp\/v2\/pages\/936"}],"collection":[{"href":"https:\/\/villa-greco.gr\/fr\/wp-json\/wp\/v2\/pages"}],"about":[{"href":"https:\/\/villa-greco.gr\/fr\/wp-json\/wp\/v2\/types\/page"}],"author":[{"embeddable":true,"href":"https:\/\/villa-greco.gr\/fr\/wp-json\/wp\/v2\/users\/2"}],"replies":[{"embeddable":true,"href":"https:\/\/villa-greco.gr\/fr\/wp-json\/wp\/v2\/comments?post=936"}],"version-history":[{"count":2,"href":"https:\/\/villa-greco.gr\/fr\/wp-json\/wp\/v2\/pages\/936\/revisions"}],"predecessor-version":[{"id":955,"href":"https:\/\/villa-greco.gr\/fr\/wp-json\/wp\/v2\/pages\/936\/revisions\/955"}],"wp:featuredmedia":[{"embeddable":true,"href":"https:\/\/villa-greco.gr\/fr\/wp-json\/wp\/v2\/media\/852"}],"wp:attachment":[{"href":"https:\/\/villa-greco.gr\/fr\/wp-json\/wp\/v2\/media?parent=936"}],"curies":[{"name":"wp","href":"https:\/\/api.w.org\/{rel}","templated":true}]}}