{"id":934,"date":"2022-09-21T10:09:18","date_gmt":"2022-09-21T07:09:18","guid":{"rendered":"https:\/\/villa-greco.gr\/privacy-policy\/"},"modified":"2023-06-18T19:07:27","modified_gmt":"2023-06-18T16:07:27","slug":"privacy-policy","status":"publish","type":"page","link":"https:\/\/villa-greco.gr\/fr\/privacy-policy\/","title":{"rendered":"Politique de Confidentialit\u00e9"},"content":{"rendered":"\r\n<section id=\"section-block_632ca93e468f0\" class=\"section section--terms pt-10 pb-10 pt-md-5 pb-md-5\">\r\n\t\n\r\n<div id=\"container-block_632ca940468f1\" class=\"container\">\r\n\t\n\r\n<div id=\"text-area-block_632ca945468f2\" class=\"text-area\">\r\n\t\n\n<h2>Confidentialit\u00e9<\/h2>\n\n\n\n<p>En r\u00e8gle g\u00e9n\u00e9rale, vous pouvez visiter nos sites Web sur Internet sans nous dire qui vous \u00eates et sans fournir aucune information personnelle. Cependant, nous ou nos partenaires avons parfois besoin d&rsquo;informations de votre part.<\/p>\n\n\n\n<p>Vous pouvez nous fournir des informations personnelles dans divers cas. Par exemple, vous pouvez nous fournir certaines informations, telles que votre nom et votre adresse postale ou e-mail, pour vous contacter afin de traiter une commande ou nous fournir les d\u00e9tails de votre carte de cr\u00e9dit pour acheter quelque chose chez nous. Notre objectif est de vous informer de la mani\u00e8re dont nous utiliserons ces informations avant de les collecter aupr\u00e8s de vous. Si vous nous dites que vous ne souhaitez pas que nous utilisions ces informations comme base pour une communication ult\u00e9rieure avec vous au-del\u00e0 de la satisfaction de vos demandes, nous respecterons votre souhait. Partage et partage.<\/p>\n\n\n\n<h2>Utilisation des informations personnelles<\/h2>\n\n\n\n<p>Les sections suivantes d\u00e9crivent plus en d\u00e9tail comment nous pouvons utiliser vos informations personnelles et avec qui nous pouvons les partager. Selon le type de site que vous visitez, un ou plusieurs de ces paragraphes peuvent s&rsquo;appliquer.<\/p>\n\n\n\n<h2>Traitement de votre transaction<\/h2>\n\n\n\n<p>Si vous demandez quelque chose sur l&rsquo;un de nos sites, par ex. produit ou service, rappel ou mat\u00e9riel marketing sp\u00e9cifique, nous utiliserons les informations que vous fournissez pour satisfaire votre demande. \u00c0 cette fin, nous pouvons partager vos informations avec d&rsquo;autres parties prenantes, par ex. d&rsquo;autres parties de notre entreprise, nos partenaires commerciaux, les institutions financi\u00e8res, les soci\u00e9t\u00e9s de transport, les autorit\u00e9s postales ou \u00e9tatiques (par exemple les autorit\u00e9s douani\u00e8res). Nous pouvons \u00e9galement vous contacter au sujet d&rsquo;une transaction dans le cadre d&rsquo;une enqu\u00eate de satisfaction client ou \u00e0 des fins d&rsquo;\u00e9tude de march\u00e9.<\/p>\n\n\n\n<h2>Utilisation \u00e0 des fins de marketing<\/h2>\n\n\n\n<p>Les informations que vous nous fournissez via son site peuvent \u00e9galement \u00eatre utilis\u00e9es par nous et des tiers s\u00e9lectionn\u00e9s \u00e0 des fins de marketing. Cependant, nous essaierons de vous donner la possibilit\u00e9 de choisir \u00e0 l&rsquo;avance si vous souhaitez que vos donn\u00e9es soient utilis\u00e9es de cette mani\u00e8re ou non.<\/p>\n\n\n\n<h2>S\u00e9curit\u00e9 et qualit\u00e9 des informations<\/h2>\n\n\n\n<p>Notre objectif est de prot\u00e9ger vos informations personnelles et de maintenir leur qualit\u00e9. Nous appliquons des mesures et des proc\u00e9dures appropri\u00e9es, telles que par ex. utilisez le cryptage lors du transfert de certaines donn\u00e9es sensibles pour prot\u00e9ger vos donn\u00e9es et maintenir leur qualit\u00e9.<\/p>\n\n\n\n<h2>Compl\u00e9tion des informations<\/h2>\n\n\n\n<p>De temps \u00e0 autre, nous pouvons compl\u00e9ter les informations que vous nous fournissez via le site avec des informations provenant d&rsquo;autres sources, telles que par ex. des informations confirmant votre adresse ou d&rsquo;autres informations commerciales disponibles. Nous le faisons pour maintenir l&rsquo;exactitude des informations que nous avons collect\u00e9es et pour mieux vous servir.<\/p>\n\n\n\n<h2>Divulgation de renseignements personnels<\/h2>\n\n\n\n<p>Dans certains cas, nous utilisons des fournisseurs pour collecter, utiliser, analyser et autrement traiter les informations. Nous avons pour pratique d&rsquo;exiger de ces fournisseurs qu&rsquo;ils traitent les informations d&rsquo;une mani\u00e8re conforme \u00e0 la pr\u00e9sente d\u00e9claration de confidentialit\u00e9.<\/p>\n\n\n\n<h2>P\u00e9riode de conservation<\/h2>\n\n\n\n<p>Nous ne conserverons pas les informations personnelles plus que n\u00e9cessaire pour atteindre les finalit\u00e9s pour lesquelles elles sont trait\u00e9es, notamment en veillant \u00e0 ce que notre traitement soit conforme aux obligations l\u00e9gales et r\u00e9glementaires applicables (par exemple, proc\u00e9dures d&rsquo;audit, conservation comptable). ou pour des raisons juridiques, etc.), la r\u00e9solution des litiges et la constatation, l&rsquo;exercice ou la d\u00e9fense d&rsquo;un droit en justice.<\/p>\n\n\n\n<h2>Politique de cookies<\/h2>\n\n\n\n<p>Nous recueillons les informations mentionn\u00e9es dans les paragraphes pr\u00e9c\u00e9dents gr\u00e2ce \u00e0 l&rsquo;utilisation de diverses technologies, dont l&rsquo;une est ce que l&rsquo;on appelle les \u00ab\u00a0cookies\u00a0\u00bb. Un cookie est un ensemble de donn\u00e9es qui peuvent \u00eatre envoy\u00e9es du site au navigateur de votre ordinateur puis stock\u00e9es sur votre ordinateur sous forme de trace anonyme permettant d&rsquo;identifier votre ordinateur, mais pas vous. Vous pouvez configurer votre navigateur pour qu&rsquo;il pose une question avant de recevoir un cookie, vous pouvez donc d\u00e9cider \u00e0 chaque fois si vous l&rsquo;acceptez. Vous pouvez \u00e9galement d\u00e9sactiver compl\u00e8tement les cookies dans votre navigateur. Cependant, si vous le faites, certaines fonctionnalit\u00e9s du site peuvent ne pas fonctionner correctement.<\/p>\n\n\n\n<p>Les cookies utilis\u00e9s sur notre site sont r\u00e9partis en 5 cat\u00e9gories :<\/p>\n\n\n\n<h3>1. Absolument n\u00e9cessaire<\/h3>\n\n\n\n<p>Les cookies absolument n\u00e9cessaires sont indispensables au bon fonctionnement du site. Sans eux, vous ne pourrez peut-\u00eatre pas naviguer et utiliser les fonctions du site et, par cons\u00e9quent, sans ces cookies, nous ne pouvons pas offrir un fonctionnement efficace de notre site Web. Ces cookies ne reconnaissent pas votre identit\u00e9 personnelle.<\/p>\n\n\n\n<h3>2. Convivialit\u00e9<\/h3>\n\n\n\n<p>Les cookies d&rsquo;utilisabilit\u00e9 stockent des informations d&rsquo;utilisation qui affectent grandement le fonctionnement du site Web et facilitent la prochaine visite de l&rsquo;utilisateur sur le site Web. Les donn\u00e9es peuvent \u00eatre anonymes, bien qu&rsquo;elles ne soient pas disponibles lorsque l&rsquo;utilisateur navigue sur d&rsquo;autres sites Web.<\/p>\n\n\n\n<h3>3. Statistiques<\/h3>\n\n\n\n<p>Ces cookies collectent des informations sur la fa\u00e7on dont les visiteurs utilisent le site Web, par exemple, les pages qu&rsquo;ils visitent le plus souvent et s&rsquo;ils re\u00e7oivent des messages d&rsquo;erreur des sites Web. Ces cookies collectent des informations agr\u00e9g\u00e9es et anonymes qui n&rsquo;identifient pas un visiteur. Ils sont utilis\u00e9s exclusivement pour am\u00e9liorer les performances d&rsquo;un site Web.<\/p>\n\n\n\n<h3>4. Ciblage<\/h3>\n\n\n\n<p>Ces cookies sont utilis\u00e9s pour fournir le contenu qui vous convient le mieux et vos int\u00e9r\u00eats. Ils peuvent \u00eatre utilis\u00e9s pour afficher des annonces\/offres cibl\u00e9es, limiter les impressions d&rsquo;annonces ou mesurer l&rsquo;efficacit\u00e9 d&rsquo;une campagne publicitaire. Ces cookies ne reconnaissent pas votre identit\u00e9 personnelle.<\/p>\n\n\n\n<h3>5. Cookies tiers<\/h3>\n\n\n\n<p>Nous avons ajout\u00e9 \u00e0 notre site des fonctionnalit\u00e9s fournies par d&rsquo;autres sites (par exemple les r\u00e9seaux sociaux) par le biais de plug-ins sp\u00e9cifiques (encarts logiciels). Pour le fonctionnement de ces plugins, le cookie est t\u00e9l\u00e9charg\u00e9 directement par les fournisseurs de services sur votre appareil, sans que nous contr\u00f4lions les param\u00e8tres des cookies provenant de ces sites sp\u00e9cifiques. Pour plus d&rsquo;informations sur les cookies et leur gestion, vous pouvez visiter les sites respectifs des prestataires tiers :<\/p>\n\n\n\n<ul><li><a href=\"https:\/\/policies.google.com\/privacy?hl=en\" target=\"_blank\" rel=\"noreferrer noopener\"><\/a><a href=\"https:\/\/policies.google.com\/privacy?hl=el\">https:\/\/policies.google.com\/privacy?hl=el<\/a><\/li><li><a href=\"https:\/\/www.facebook.com\/business\/gdpr\" target=\"_blank\" rel=\"noreferrer noopener\"><\/a><a href=\"https:\/\/www.facebook.com\/business\/gdpr\">https:\/\/www.facebook.com\/business\/gdpr<\/a><\/li><li><a href=\"https:\/\/twitter.com\/privacy\" target=\"_blank\" rel=\"noreferrer noopener\"><\/a><a href=\"https:\/\/twitter.com\/privacy\">https:\/\/twitter.com\/privacy<\/a><\/li><\/ul>\n\n\n\n<h3>D\u00e9sactiver les cookies<\/h3>\n\n\n\n<p>Vous avez la possibilit\u00e9 de d\u00e9sactiver les cookies en modifiant les param\u00e8tres correspondants du navigateur que vous utilisez. Il convient toutefois de noter que le site Web peut ne pas fonctionner correctement si tous les cookies sont d\u00e9sactiv\u00e9s (voir la description des types de cookies ci-dessus).<\/p>\n\n\n\n<p>Consultez le tableau suivant et suivez le lien appropri\u00e9 pour recevoir plus d&rsquo;informations sur la fa\u00e7on de d\u00e9sactiver et de supprimer les cookies\u00a0:<\/p>\n\n\n\n<ul><li>Chrome:&nbsp;<a href=\"https:\/\/support.google.com\/accounts\/answer\/61416?hl=el\" target=\"_blank\" rel=\"noreferrer noopener\"><\/a><a href=\"https:\/\/support.google.com\/accounts\/answer\/61416?hl=el\">https:\/\/support.google.com\/accounts\/answer\/61416?hl=el<\/a><\/li><li>Firefox:&nbsp;<a href=\"https:\/\/support.mozilla.org\/el\/kb\/diagrafh-cookies-gia-afairesh-plhroforiwn\" target=\"_blank\" rel=\"noreferrer noopener\"><\/a><a href=\"https:\/\/support.mozilla.org\/el\/kb\/diagrafh-cookies-gia-afairesh-plhroforiwn\">https:\/\/support.mozilla.org\/el\/kb\/diagrafh-cookies-gia-afairesh-plhroforiwn<\/a><\/li><li>Internet Explorer:&nbsp;<a href=\"https:\/\/support.microsoft.com\/en-us\/help\/17442\/windows-internet-explorer-delete-manage-cookies#ie=ie-11\" target=\"_blank\" rel=\"noreferrer noopener\"><\/a><a href=\"https:\/\/support.microsoft.com\/en-us\/help\/17442\/windows-internet-explorer-delete-manage-cookies#ie=ie-11\">https:\/\/support.microsoft.com\/en-us\/help\/17442\/windows-internet-explorer-delete-manage-cookies#ie=ie-11<\/a><\/li><li>Safari:&nbsp;<a href=\"https:\/\/support.apple.com\/en-gb\/guide\/safari\/manage-cookies-and-website-data-sfri11471\/mac\" target=\"_blank\" rel=\"noreferrer noopener\"><\/a><a href=\"https:\/\/support.apple.com\/en-gb\/guide\/safari\/manage-cookies-and-website-data-sfri11471\/mac\">https:\/\/support.apple.com\/en-gb\/guide\/safari\/manage-cookies-and-website-data-sfri11471\/mac<\/a><\/li><\/ul>\n\n\n\n<p>Pour les autres navigateurs non r\u00e9pertori\u00e9s ici, veuillez contacter le fournisseur de ce navigateur ou recherchez une fonction \u00ab\u00a0aide\u00a0\u00bb dans le navigateur.<\/p>\n\n\n\n<h3>Informations sur les cookies<\/h3>\n\n\n\n<p>Si vous souhaitez plus d&rsquo;informations sur les cookies, comment les utiliser ainsi que la mani\u00e8re dont ils sont appliqu\u00e9s \u00e0 l&rsquo;utilisation de vos donn\u00e9es personnelles, veuillez visiter le site Web\u00a0<a rel=\"noreferrer noopener\" href=\"http:\/\/www.aboutcookies.org\/\" target=\"_blank\"><\/a><a href=\"http:\/\/www.aboutcookies.org\/\">http:\/\/www.aboutcookies.org<\/a>.<\/p>\n\n\n\n<h2>Autres donn\u00e9es personnelles que nous collectons<\/h2>\n\n\n\n<p>Tout acc\u00e8s, r\u00e9ussi ou non, \u00e0 des zones de notre site n\u00e9cessitant un identifiant et un mot de passe pourra \u00eatre enregistr\u00e9 pour des raisons de s\u00e9curit\u00e9.<\/p>\n\n\n\n<p>Aussi, pour chaque visite, nous enregistrons l&rsquo;adresse IP du visiteur, dans le seul but de prot\u00e9ger le site et le serveur qui l&rsquo;h\u00e9berge des utilisateurs malveillants. Les donn\u00e9es historiques (logs) sont conserv\u00e9es pendant une dur\u00e9e inf\u00e9rieure \u00e0 un an et ne sont communiqu\u00e9es \u00e0 aucun tiers partenaire.<\/p>\n\n\n\n<h2>Suivi de la qualit\u00e9 des services<\/h2>\n\n\n\n<p>Pour certaines transactions en ligne, vous devrez peut-\u00eatre nous appeler ou nous vous appellerons. Veuillez noter que ces appels peuvent \u00eatre surveill\u00e9s et, dans certains cas, enregistr\u00e9s \u00e0 des fins de formation du personnel ou d&rsquo;assurance qualit\u00e9.<\/p>\n\n\n\n<h2>Publicit\u00e9 en ligne<\/h2>\n\n\n\n<p>Certaines entreprises nous aident \u00e0 fournir des publicit\u00e9s en ligne interactives, telles que des banni\u00e8res publicitaires. Ces soci\u00e9t\u00e9s peuvent collecter et utiliser des informations sur les clients pour nous aider \u00e0 mieux comprendre les offres, les promotions et les types de publicit\u00e9s les plus pertinentes pour nos clients. Les informations collect\u00e9es sont cumulatives et ne peuvent donc pas \u00eatre associ\u00e9es \u00e0 des individus sp\u00e9cifiques. Toutefois, si vous pr\u00e9f\u00e9rez que ces soci\u00e9t\u00e9s ne collectent pas ces informations, vous pouvez visiter le site\u00a0<a href=\"http:\/\/www.networkadvertising.org\/\">http:\/\/www.networkadvertising.org\/<\/a>\u00a0et suivre les instructions de \u00ab\u00a0d\u00e9sactivation\u00a0\u00bb pour collecter ces informations.<\/p>\n\n\n\n<h2>Divulgation requise par la loi<\/h2>\n\n\n\n<p>Veuillez noter que, dans certains cas, il peut \u00eatre demand\u00e9 de divulguer des informations par un tribunal ou une autre ordonnance gouvernementale, une citation \u00e0 compara\u00eetre ou un mandat.<\/p>\n\n\n\n<h2>Liens vers des sites qui ne nous appartiennent pas<\/h2>\n\n\n\n<p>Nos sites peuvent contenir des liens vers d&rsquo;autres sites. Nous ne sommes pas responsables des pratiques de traitement des donn\u00e9es personnelles de ces sites, ni de leur contenu.<\/p>\n\n\n\n<h2>Tes droits<\/h2>\n\n\n\n<p>Vous pouvez demander l&rsquo;acc\u00e8s, la mise \u00e0 jour ou la relecture de vos informations personnelles. Vous avez \u00e9galement le droit de vous opposer aux activit\u00e9s de marketing direct. De plus, vous avez le droit de vous opposer au traitement pour des raisons li\u00e9es \u00e0 votre situation. En vertu du RGPD, vous avez le droit de demander la suppression, la restriction d&rsquo;acc\u00e8s et la portabilit\u00e9 de vos informations personnelles. Pour acc\u00e9der au processus de candidature, veuillez nous contacter.<\/p>\n\n\n\n<h2>Droit de se plaindre<\/h2>\n\n\n\n<p>Si vous estimez que le traitement de vos informations personnelles par nos soins n&rsquo;est pas conforme \u00e0 la l\u00e9gislation applicable en mati\u00e8re de protection des donn\u00e9es, vous pouvez d\u00e9poser une plainte\u00a0:<\/p>\n\n\n\n<ul><li>Directement \u00e0 nous via le formulaire de contact.<\/li><li>A l&rsquo;autorit\u00e9 de protection des donn\u00e9es comp\u00e9tente. Les noms et coordonn\u00e9es des autorit\u00e9s de protection des donn\u00e9es de l&rsquo;Union europ\u00e9enne sont disponibles sur\u00a0<a rel=\"noreferrer noopener\" href=\"http:\/\/ec.europa.eu\/justice\/data-protection\/article-29\/structure\/data-protection-authorities\/index_en.htm\" target=\"_blank\"><\/a><a href=\"http:\/\/ec.europa.eu\/justice\/data-protection\/article-29\/structure\/data-protection-authorities\/index_en.htm\">http:\/\/ec.europa.eu\/justice\/data-protection\/article-29\/structure\/data-protection-authorities\/index_en.htm<\/a>.<\/li><\/ul>\n\n\n\n<h2>Mise \u00e0 jour en cas de changement<\/h2>\n\n\n\n<p>Chaque fois que cette d\u00e9claration est substantiellement modifi\u00e9e, un avis sera affich\u00e9 sur la page d&rsquo;accueil de notre site principal pendant une p\u00e9riode de 30 jours.<\/p>\n\n\r\n<\/div>\r\n\n\r\n<\/div>\r\n\n\r\n<\/section>\r\n\n\n\r\n<section class=\"section section--banner-place\">\r\n    \r\n    \t\t\t\t<div class=\"cursor cursor--gallery jsCursor d-md-none\">\r\n            <p class=\"jsCursorText\" value=\"Read more\">Read more<\/p>\r\n        <\/div>\r\n\t\t\r\n    <div class=\"container--fluid\">\r\n                   \r\n    <\/div>\r\n<\/section>\r\n","protected":false},"excerpt":{"rendered":"","protected":false},"author":2,"featured_media":876,"parent":0,"menu_order":0,"comment_status":"closed","ping_status":"closed","template":"","meta":[],"_links":{"self":[{"href":"https:\/\/villa-greco.gr\/fr\/wp-json\/wp\/v2\/pages\/934"}],"collection":[{"href":"https:\/\/villa-greco.gr\/fr\/wp-json\/wp\/v2\/pages"}],"about":[{"href":"https:\/\/villa-greco.gr\/fr\/wp-json\/wp\/v2\/types\/page"}],"author":[{"embeddable":true,"href":"https:\/\/villa-greco.gr\/fr\/wp-json\/wp\/v2\/users\/2"}],"replies":[{"embeddable":true,"href":"https:\/\/villa-greco.gr\/fr\/wp-json\/wp\/v2\/comments?post=934"}],"version-history":[{"count":2,"href":"https:\/\/villa-greco.gr\/fr\/wp-json\/wp\/v2\/pages\/934\/revisions"}],"predecessor-version":[{"id":952,"href":"https:\/\/villa-greco.gr\/fr\/wp-json\/wp\/v2\/pages\/934\/revisions\/952"}],"wp:featuredmedia":[{"embeddable":true,"href":"https:\/\/villa-greco.gr\/fr\/wp-json\/wp\/v2\/media\/876"}],"wp:attachment":[{"href":"https:\/\/villa-greco.gr\/fr\/wp-json\/wp\/v2\/media?parent=934"}],"curies":[{"name":"wp","href":"https:\/\/api.w.org\/{rel}","templated":true}]}}