{"id":930,"date":"2022-09-21T10:06:45","date_gmt":"2022-09-21T07:06:45","guid":{"rendered":"https:\/\/villa-greco.gr\/home\/"},"modified":"2023-06-18T19:26:49","modified_gmt":"2023-06-18T16:26:49","slug":"home","status":"publish","type":"page","link":"https:\/\/villa-greco.gr\/fr\/","title":{"rendered":"Home"},"content":{"rendered":"\r\n    <section id=\"welcome\" class=\"section section--welcome\" style=\"background-image: url(https:\/\/villa-greco.gr\/wp-content\/themes\/villa-greco\/assets\/public\/images\/homepage\/villa-greco-bg.webp);\">\r\n        <div class=\"container\">\r\n            <div class=\"row gap-2 col-reversed\">\r\n                <div class=\"col-6 col-lg-5 col-md-12\">\r\n                    <div class=\"pattern-wrapper\">\r\n                        <img class=\"pattern-img pattern-img--1 jsParallaxHomeUp\" src=\"https:\/\/villa-greco.gr\/wp-content\/uploads\/2022\/09\/img-1eret.jpg\" alt=\"\" width=\"450\" height=\"585\">\r\n                        <img class=\"pattern-img pattern-img--2 jsParallaxHomeBottom\" src=\"https:\/\/villa-greco.gr\/wp-content\/uploads\/2022\/09\/IMG_1796-md.jpg\" alt=\"\" width=\"300\" height=\"493\">\r\n                        <!-- <img class=\"pattern-img pattern-img--3 d-md-block\" src=\"img\/homepage\/img-3.jpg\" alt=\"\"> -->\r\n                    <\/div>\r\n                <\/div>\r\n                <div class=\"col-6 col-lg-7 col-md-12\">\r\n                    <div class=\"text-area p-10 p-lg-7 pt-12 pt-lg-7 p-md-0 pb-md-5 \" data-aos=\"fade-zoom-in\">\r\n                        <span class=\"subtitle\">Bienvenue \u00e0<\/span>\r\n                        <h2 class=\"title mb-6 mb-lg-4\">Villa Greco<\/h2>\r\n                        <p class=\"paragraph mb-5 mb-lg-4\">Nous proposons des appartements et des studios enti\u00e8rement meubl\u00e9s \u00e0 seulement 50 m\u00e8tres de la plage de Psaropouli, au nord d&#039;Evia. L&#039;endroit id\u00e9al pour vos prochaines vacances en Gr\u00e8ce.<\/p>\r\n                        <a href=\"https:\/\/villa-greco.gr\/fr\/our-place\/\" class=\"btn btn--primary\">Notre endroit<\/a>\r\n                    <\/div>\r\n                <\/div>\r\n            <\/div>\r\n        <\/div>\r\n    <\/section>\n\n<!-- Rooms HTML-->\r\n<section class=\"section section--rooms\">  \r\n    <div class=\"container\" data-aos=\"fade-zoom-in\">\r\n        <div class=\"row mb-6\" >\r\n            <div class=\"col-6 col-md-12\" >\r\n                <div class=\"text-area mb-md-3\">\r\n                    <span class=\"subtitle\">l&rsquo; accommodation<\/span>\r\n                    <h2 class=\"title\">Nos belles chambres<\/h2>\r\n                <\/div>\r\n            <\/div>\r\n            <div class=\"col-6 col-md-12\">\r\n                <div class=\"text-area\">\r\n                    <p class=\"paragraph\">Des chambres spacieuses et confortables \u00e0 une vari\u00e9t\u00e9 d&rsquo;\u00e9quipements, vous profiterez d&rsquo;un large \u00e9ventail d&rsquo;\u00e9quipements qui vous feront vous sentir chez vous.<\/p>\r\n                <\/div>\r\n            <\/div>\r\n        <\/div>\r\n        <div class=\"rooms row gap-1\">\r\n            <div class=\"col-6 col-sm-12\"><a href=\"https:\/\/villa-greco.gr\/fr\/room\/triple-room\/\" class=\"room-item jsCursorActive jsValueBox\" value=\"view room\" aria-label=\"room single (Chambre Triple) link page #1\"><div class=\"room-item__img\"><img src=\"https:\/\/villa-greco.gr\/wp-content\/uploads\/2022\/09\/DSC_0165-tiny-3-figma.jpg\" alt=\"\" width=\"694\" height=\"694\"\/><\/div><div class=\"room-item__body\"><h3 class=\"room-item__title\">Chambre Triple<\/h3><\/div><\/a><\/div><div class=\"col-6 col-sm-12\"><a href=\"https:\/\/villa-greco.gr\/fr\/room\/quadruple-room\/\" class=\"room-item jsCursorActive jsValueBox\" value=\"view room\" aria-label=\"room single (Chambre pour quatre) link page #1\"><div class=\"room-item__img\"><img src=\"https:\/\/villa-greco.gr\/wp-content\/uploads\/2022\/09\/DSC_0165-tiny-3-2.jpg\" alt=\"\" width=\"694\" height=\"694\"\/><\/div><div class=\"room-item__body\"><h3 class=\"room-item__title\">Chambre pour quatre<\/h3><\/div><\/a><\/div>        <\/div>\r\n    <\/div>\r\n<\/section>\r\n<div class=\"cursor cursor--gallery jsCursor d-md-none\"><p class=\"jsCursorText\"><\/p><\/div>\n\n\r\n<section id=\"section-block_632c86202bf20\" class=\"section section--amenities fade-zoom-in\">\r\n\t\n\r\n<div id=\"container-block_632c8809fac03\" class=\"container\">\r\n\t\n\r\n<div id=\"text-area-block_632c88a8fac04\" class=\"text-area text-center\">\r\n\t\n\n<h3 class=\"title mb-4\">L&rsquo;&nbsp;\u00e9quipements<\/h3>\n\n\n\n<p class=\"paragraph mb-11 mb-md-9\">Vous cherchez un endroit o\u00f9 s\u00e9journer avec toutes les commodit\u00e9s dont vous avez besoin? Nous avons tout ce dont vous avez besoin pour profiter d&rsquo;un s\u00e9jour relaxant et agr\u00e9able.<\/p>\n\n\r\n<\/div>\r\n\n\n\r\n<!-- SECTION > CONTAINER > ...  -->\r\n<div class=\"amenities-list gap-2\"><div class=\"amenities-list__item col-4 col-md-6 col-sm-12\"><div class=\"amenities-list__item-wrapper\"><img src=\"https:\/\/villa-greco.gr\/wp-content\/uploads\/2022\/09\/pool.svg\" alt=\"\" width=\"70\" height=\"70\"\/><h3 class=\"amenities-list__item-title\">Piscine<\/h3><\/div><\/div><div class=\"amenities-list__item col-4 col-md-6 col-sm-12\"><div class=\"amenities-list__item-wrapper\"><img src=\"https:\/\/villa-greco.gr\/wp-content\/uploads\/2022\/09\/Wifi.svg\" alt=\"\" width=\"70\" height=\"70\"\/><h3 class=\"amenities-list__item-title\">Wi-Fi rapide<\/h3><\/div><\/div><div class=\"amenities-list__item col-4 col-md-6 col-sm-12\"><div class=\"amenities-list__item-wrapper\"><img src=\"https:\/\/villa-greco.gr\/wp-content\/uploads\/2022\/09\/monitor.svg\" alt=\"\" width=\"70\" height=\"70\"\/><h3 class=\"amenities-list__item-title\">Smart TV<\/h3><\/div><\/div><div class=\"amenities-list__item col-4 col-md-6 col-sm-12\"><div class=\"amenities-list__item-wrapper\"><img src=\"https:\/\/villa-greco.gr\/wp-content\/uploads\/2022\/09\/drink.svg\" alt=\"\" width=\"70\" height=\"70\"\/><h3 class=\"amenities-list__item-title\">Pot d&rsquo;accueil<\/h3><\/div><\/div><div class=\"amenities-list__item col-4 col-md-6 col-sm-12\"><div class=\"amenities-list__item-wrapper\"><img src=\"https:\/\/villa-greco.gr\/wp-content\/uploads\/2022\/09\/cleaning.svg\" alt=\"\" width=\"70\" height=\"70\"\/><h3 class=\"amenities-list__item-title\">Nettoyage quotidien<\/h3><\/div><\/div><div class=\"amenities-list__item col-4 col-md-6 col-sm-12\"><div class=\"amenities-list__item-wrapper\"><img src=\"https:\/\/villa-greco.gr\/wp-content\/uploads\/2022\/09\/kitchen.svg\" alt=\"\" width=\"70\" height=\"70\"\/><h3 class=\"amenities-list__item-title\">Cuisine<\/h3><\/div><\/div><div class=\"amenities-list__item col-4 col-md-6 col-sm-12\"><div class=\"amenities-list__item-wrapper\"><img src=\"https:\/\/villa-greco.gr\/wp-content\/uploads\/2022\/09\/fridge.svg\" alt=\"\" width=\"70\" height=\"70\"\/><h3 class=\"amenities-list__item-title\">R\u00e9frig\u00e9rateur<\/h3><\/div><\/div><div class=\"amenities-list__item col-4 col-md-6 col-sm-12\"><div class=\"amenities-list__item-wrapper\"><img src=\"https:\/\/villa-greco.gr\/wp-content\/uploads\/2022\/09\/lounge.svg\" alt=\"\" width=\"70\" height=\"70\"\/><h3 class=\"amenities-list__item-title\">Salle de repos<\/h3><\/div><\/div><div class=\"amenities-list__item col-4 col-md-6 col-sm-12\"><div class=\"amenities-list__item-wrapper\"><img src=\"https:\/\/villa-greco.gr\/wp-content\/uploads\/2022\/09\/covid-free.svg\" alt=\"\" width=\"70\" height=\"70\"\/><h3 class=\"amenities-list__item-title\">Gratuit Covid<\/h3><\/div><\/div><\/div>\t\t\r\n\r\n\n\r\n<\/div>\r\n\n\r\n<\/section>\r\n\n\n\r\n<section class=\"section section--poolbar\">       \r\n    <div class=\"container\" >\r\n                                    <div class=\"row\">\r\n                <div class=\"col-6 col-md-12 col--poolbar\" >\r\n                    <div class=\"text-area text-area--poolbar\">\r\n                        <span class=\"subtitle no-line\">LE BAR<\/span>\r\n                        <h2 class=\"title mb-6 mb-md-3\">Profitez de votre boisson<\/h2>\r\n                        <p class=\"paragraph mb-3 mb-sm-4\">Commencez vos vacances avec notre boisson de bienvenue. Un cocktail savoureux et vibrant au bord de la piscine ressemble \u00e0 la mendicit\u00e9 des vacances d&#039;\u00e9t\u00e9 !<\/p>\r\n                        <a href=\"https:\/\/villa-greco.gr\/fr\/gallery\/\" class=\"btn btn--primary d-none d-md-block\">Galerie<\/a>\r\n                    <\/div>\r\n                <\/div>\r\n                <div class=\"col-6 col-md-12 col--poolbar\" >\r\n                                            <a href=\"https:\/\/villa-greco.gr\/fr\/gallery\/\" class=\"poolbar-link jsCursorActive jsValueBox\" value=\"gallery\" aria-label=\"gallery page link\">\r\n                            <div class=\"poolbar-slider poolbar-slider--bar jsPoolbarSliderBar\">\r\n                                                                    <img src=\"https:\/\/villa-greco.gr\/wp-content\/uploads\/2022\/09\/IMG_1939ret-tiny-700x983.jpg\" alt=\"\" width=\"700\" height=\"540\"\/>\r\n                                                                    <img src=\"https:\/\/villa-greco.gr\/wp-content\/uploads\/2022\/09\/IMG_1925ret-tiny-700x716.webp\" alt=\"\" width=\"700\" height=\"540\"\/>\r\n                                                                    <img src=\"https:\/\/villa-greco.gr\/wp-content\/uploads\/2022\/09\/IMG_1324-bar-700x1050.jpg\" alt=\"\" width=\"700\" height=\"540\"\/>\r\n                                                            <\/div>\r\n                            <div class=\"poolbar-slider__dots jsPoolbarSliderDotsBar\"><\/div>\r\n                        <\/a>\r\n                                    <\/div>\r\n            <\/div>\r\n                                <div class=\"row row--reversed\">\r\n                <div class=\"col-6 col-md-12 col--poolbar\" >\r\n                    <div class=\"text-area text-area--poolbar\">\r\n                        <span class=\"subtitle no-line\">LA PISCINE<\/span>\r\n                        <h2 class=\"title mb-6 mb-md-3\">D\u00e9tendez-vous au bord de la piscine<\/h2>\r\n                        <p class=\"paragraph mb-3 mb-sm-4\">Notre piscine est l&#039;endroit id\u00e9al pour se d\u00e9tendre et profiter de votre s\u00e9jour pendant les chaudes journ\u00e9es d&#039;\u00e9t\u00e9 d&#039;un \u00e9t\u00e9 grec ! Nous disposons de transats, d&#039;un espace lounge, et de notre piscine qui rendront votre s\u00e9jour inoubliable !<\/p>\r\n                        <a href=\"https:\/\/villa-greco.gr\/fr\/gallery\/\" class=\"btn btn--primary d-none d-md-block\">Galerie<\/a>\r\n                    <\/div>\r\n                <\/div>\r\n                <div class=\"col-6 col-md-12 col--poolbar\" >\r\n                                            <a href=\"https:\/\/villa-greco.gr\/fr\/gallery\/\" class=\"poolbar-link jsCursorActive jsValueBox\" value=\"gallery\" aria-label=\"gallery page link\">\r\n                            <div class=\"poolbar-slider poolbar-slider--bar jsPoolbarSliderBar\">\r\n                                                                    <img src=\"https:\/\/villa-greco.gr\/wp-content\/uploads\/2022\/09\/DSC_0177ret2a-700x450.jpg\" alt=\"\" width=\"700\" height=\"540\"\/>\r\n                                                                    <img src=\"https:\/\/villa-greco.gr\/wp-content\/uploads\/2022\/09\/hero-img-1-1-700x465.jpg\" alt=\"\" width=\"700\" height=\"540\"\/>\r\n                                                                    <img src=\"https:\/\/villa-greco.gr\/wp-content\/uploads\/2022\/09\/DSC_0217-700x485.jpg\" alt=\"\" width=\"700\" height=\"540\"\/>\r\n                                                                    <img src=\"https:\/\/villa-greco.gr\/wp-content\/uploads\/2022\/09\/glasses-tiny-1-700x476.jpg\" alt=\"\" width=\"700\" height=\"540\"\/>\r\n                                                            <\/div>\r\n                            <div class=\"poolbar-slider__dots jsPoolbarSliderDotsBar\"><\/div>\r\n                        <\/a>\r\n                                    <\/div>\r\n            <\/div>\r\n                <\/div>\r\n<\/section>\n\n\r\n<section class=\"section\"> \r\n    <div class=\"container-fluid page__parallax-img \">\r\n        <img class=\"jsParallaxUp\" src=\"https:\/\/villa-greco.gr\/wp-content\/uploads\/2022\/09\/DSC_0177ret2a.webp\" alt=\"banner-img\">\r\n    <\/div>\r\n<\/section>\r\n\n\n    <section class=\"section section--contact-top\">\r\n        <div class=\"container\">\r\n            <div class=\"row\">\r\n                <div class=\"col\"><\/div>\r\n                <div class=\"col-7 col-md-12\">\r\n                    <div class=\"text-area\"  data-aos=\"fade-zoom-in\">\r\n                        <span class=\"subtitle\">info<\/span>\r\n                        <h2 class=\"title mb-3\">Contactez-nous<\/h2>\r\n                        <p class=\"paragraph mb-3 mb-md-5\">Si vous avez des questions concernant votre r\u00e9servation, n&rsquo;h\u00e9sitez pas \u00e0 utiliser les informations fournies ci-dessous.<\/p>\r\n                    <\/div>\r\n                <\/div>\r\n            <\/div>\r\n        <\/div>\r\n    <\/section>\r\n    <section class=\"section section--contact-bottom\" style=\"background-image: url(https:\/\/villa-greco.gr\/wp-content\/uploads\/2022\/09\/page-bg-dark-1-scaled.jpg);\">\r\n        <div class=\"container\">\r\n            <div class=\"row\">\r\n                <div class=\"col-5 col-md-12\">\r\n                    <div class=\"contact-map pr-lg-0 pl-lg-0 d-md-none\">\r\n                        <iframe src=\"https:\/\/www.google.com\/maps\/embed?pb=!1m18!1m12!1m3!1d387.67687213675794!2d23.3688314311089!3d38.98302447862057!2m3!1f0!2f0!3f0!3m2!1i1024!2i768!4f13.1!3m3!1m2!1s0x14a729743846a1ed%3A0xab1aad7298b04174!2sVilla%20Greco!5e0!3m2!1sel!2sgr!4v1665592272820!5m2!1sel!2sgr\" width=\"100%\" height=\"550\" title=\"location of Villa Greco Aparthotel\" style=\"border:0;\" allowfullscreen=\"\" loading=\"lazy\" referrerpolicy=\"no-referrer-when-downgrade\"><\/iframe>\r\n                    <\/div>\r\n                <\/div>\r\n                <div class=\"col-7 col-md-12\">\r\n                    <div class=\"text-area\"  data-aos=\"fade-zoom-in\">\r\n                        <div role=\"form\" class=\"wpcf7\" id=\"wpcf7-f1000-o1\" lang=\"fr-FR\" dir=\"ltr\">\n<div class=\"screen-reader-response\"><p role=\"status\" aria-live=\"polite\" aria-atomic=\"true\"><\/p> <ul><\/ul><\/div>\n<form action=\"\/fr\/wp-json\/wp\/v2\/pages\/930#wpcf7-f1000-o1\" method=\"post\" class=\"wpcf7-form init\" novalidate=\"novalidate\" data-status=\"init\">\n<div style=\"display: none;\">\n<input type=\"hidden\" name=\"_wpcf7\" value=\"1000\" \/>\n<input type=\"hidden\" name=\"_wpcf7_version\" value=\"5.6.2\" \/>\n<input type=\"hidden\" name=\"_wpcf7_locale\" value=\"fr_FR\" \/>\n<input type=\"hidden\" name=\"_wpcf7_unit_tag\" value=\"wpcf7-f1000-o1\" \/>\n<input type=\"hidden\" name=\"_wpcf7_container_post\" value=\"0\" \/>\n<input type=\"hidden\" name=\"_wpcf7_posted_data_hash\" value=\"\" \/>\n<\/div>\n<div class=\"col-6 col-lg-12\"><label> <span class=\"contact-item-label\">Name<\/span><br \/>\n    <span class=\"wpcf7-form-control-wrap\" data-name=\"your-subject\"><input type=\"text\" name=\"your-subject\" value=\"\" size=\"40\" class=\"wpcf7-form-control wpcf7-text wpcf7-validates-as-required\" aria-required=\"true\" aria-invalid=\"false\" \/><\/span> <\/label><\/div>\n<div class=\"col-6 col-lg-12\"><label> <span class=\"contact-item-label\">Email<\/span><br \/>\n    <span class=\"wpcf7-form-control-wrap\" data-name=\"your-email\"><input type=\"email\" name=\"your-email\" value=\"\" size=\"40\" class=\"wpcf7-form-control wpcf7-text wpcf7-email wpcf7-validates-as-required wpcf7-validates-as-email\" aria-required=\"true\" aria-invalid=\"false\" \/><\/span> <\/label><\/div>\n<div class=\"col-12\"><label> <span class=\"contact-item-label\">Message<\/span><br \/>\n    <span class=\"wpcf7-form-control-wrap\" data-name=\"your-message\"><textarea name=\"your-message\" cols=\"40\" rows=\"10\" class=\"wpcf7-form-control wpcf7-textarea\" aria-invalid=\"false\"><\/textarea><\/span> <\/label><\/div>\n<div class=\"col-12\"><span class=\"wpcf7-form-control-wrap\" data-name=\"radio-22\"><span class=\"wpcf7-form-control wpcf7-radio\"><span class=\"wpcf7-list-item first last\"><label><input type=\"radio\" name=\"radio-22\" value=\"I agree with the terms and conditions of the Website\" checked=\"checked\" \/><span class=\"wpcf7-list-item-label\">I agree with the terms and conditions of the Website<\/span><\/label><\/span><\/span><\/span><\/div>\n<p><input type=\"submit\" value=\"Submit\" class=\"wpcf7-form-control has-spinner wpcf7-submit\" \/><\/p>\n<p style=\"display: none !important;\"><label>&#916;<textarea name=\"_wpcf7_ak_hp_textarea\" cols=\"45\" rows=\"8\" maxlength=\"100\"><\/textarea><\/label><input type=\"hidden\" id=\"ak_js_1\" name=\"_wpcf7_ak_js\" value=\"135\"\/><script>document.getElementById( \"ak_js_1\" ).setAttribute( \"value\", ( new Date() ).getTime() );<\/script><\/p><div class=\"wpcf7-response-output\" aria-hidden=\"true\"><\/div><\/form><\/div>                    <\/div>\r\n                <\/div>\r\n            <\/div>\r\n        <\/div>\r\n    <\/section>","protected":false},"excerpt":{"rendered":"","protected":false},"author":2,"featured_media":0,"parent":0,"menu_order":0,"comment_status":"closed","ping_status":"closed","template":"page-homepage.php","meta":[],"_links":{"self":[{"href":"https:\/\/villa-greco.gr\/fr\/wp-json\/wp\/v2\/pages\/930"}],"collection":[{"href":"https:\/\/villa-greco.gr\/fr\/wp-json\/wp\/v2\/pages"}],"about":[{"href":"https:\/\/villa-greco.gr\/fr\/wp-json\/wp\/v2\/types\/page"}],"author":[{"embeddable":true,"href":"https:\/\/villa-greco.gr\/fr\/wp-json\/wp\/v2\/users\/2"}],"replies":[{"embeddable":true,"href":"https:\/\/villa-greco.gr\/fr\/wp-json\/wp\/v2\/comments?post=930"}],"version-history":[{"count":4,"href":"https:\/\/villa-greco.gr\/fr\/wp-json\/wp\/v2\/pages\/930\/revisions"}],"predecessor-version":[{"id":972,"href":"https:\/\/villa-greco.gr\/fr\/wp-json\/wp\/v2\/pages\/930\/revisions\/972"}],"wp:attachment":[{"href":"https:\/\/villa-greco.gr\/fr\/wp-json\/wp\/v2\/media?parent=930"}],"curies":[{"name":"wp","href":"https:\/\/api.w.org\/{rel}","templated":true}]}}